{"id":49,"date":"2024-06-11T16:44:36","date_gmt":"2024-06-11T13:44:36","guid":{"rendered":"https:\/\/ecetarim.com\/en\/?page_id=49"},"modified":"2024-06-28T16:09:41","modified_gmt":"2024-06-28T13:09:41","slug":"about-us","status":"publish","type":"page","link":"https:\/\/ecetarim.com\/en\/about-us\/","title":{"rendered":"About Us"},"content":{"rendered":"\n<style type=\"text\/css\" data-created_by=\"avia_inline_auto\" id=\"style-css-av-lxbowhru-7bd48e920b8f35e12dc7fa507a2ffa75\">\n.avia-section.av-lxbowhru-7bd48e920b8f35e12dc7fa507a2ffa75{\nbackground-repeat:no-repeat;\nbackground-image:url(https:\/\/ecetarim.com\/en\/wp-content\/uploads\/2024\/06\/sayfa-bgff.jpg);\nbackground-position:0% 100%;\nbackground-attachment:scroll;\n}\n<\/style>\n<div id='av_section_1'  class='avia-section av-lxbowhru-7bd48e920b8f35e12dc7fa507a2ffa75 main_color avia-section-default avia-no-border-styling  avia-builder-el-0  el_before_av_layout_row  avia-builder-el-first  avia-full-stretch avia-bg-style-scroll av-minimum-height av-minimum-height-custom av-height-custom  container_wrap sidebar_right'  data-section-bg-repeat='stretch' data-av_minimum_height_px='150'><div class='container av-section-cont-open' style='height:150px'><main  role=\"main\" itemprop=\"mainContentOfPage\"  class='template-page content  av-content-small alpha units'><div class='post-entry post-entry-type-page post-entry-49'><div class='entry-content-wrapper clearfix'>\n\n<style type=\"text\/css\" data-created_by=\"avia_inline_auto\" id=\"style-css-av-lxbox7rk-84ea61dd602f1ca75d146c88c9f3e776\">\n#top .av-special-heading.av-lxbox7rk-84ea61dd602f1ca75d146c88c9f3e776{\npadding-bottom:10px;\ncolor:#ffffff;\nfont-size:36px;\n}\nbody .av-special-heading.av-lxbox7rk-84ea61dd602f1ca75d146c88c9f3e776 .av-special-heading-tag .heading-char{\nfont-size:25px;\n}\n#top #wrap_all .av-special-heading.av-lxbox7rk-84ea61dd602f1ca75d146c88c9f3e776 .av-special-heading-tag{\nfont-size:36px;\n}\n.av-special-heading.av-lxbox7rk-84ea61dd602f1ca75d146c88c9f3e776 .special-heading-inner-border{\nborder-color:#ffffff;\n}\n.av-special-heading.av-lxbox7rk-84ea61dd602f1ca75d146c88c9f3e776 .av-subheading{\nfont-size:15px;\n}\n\n@media only screen and (min-width: 480px) and (max-width: 767px){ \n#top #wrap_all .av-special-heading.av-lxbox7rk-84ea61dd602f1ca75d146c88c9f3e776 .av-special-heading-tag{\nfont-size:0.8em;\n}\n}\n\n@media only screen and (max-width: 479px){ \n#top #wrap_all .av-special-heading.av-lxbox7rk-84ea61dd602f1ca75d146c88c9f3e776 .av-special-heading-tag{\nfont-size:0.8em;\n}\n}\n<\/style>\n<div  class='av-special-heading av-lxbox7rk-84ea61dd602f1ca75d146c88c9f3e776 av-special-heading-h3 custom-color-heading blockquote modern-quote  avia-builder-el-1  avia-builder-el-no-sibling  av-thin-font av-inherit-size'><h3 class='av-special-heading-tag'  itemprop=\"headline\"  ><strong>ABOUT US<\/strong><\/h3><div class=\"special-heading-border\"><div class=\"special-heading-inner-border\"><\/div><\/div><\/div>\n\n<\/div><\/div><\/main><!-- close content main element --><\/div><\/div><div id='av-layout-grid-1'  class='av-layout-grid-container av-i27ll-56c9a62344ce3619df822725c9f773c4 entry-content-wrapper main_color av-flex-cells  avia-builder-el-2  el_after_av_section  el_before_av_layout_row  grid-row-not-first  container_wrap sidebar_right'  >\n\n<style type=\"text\/css\" data-created_by=\"avia_inline_auto\" id=\"style-css-av-hrajl-76e27e79fb6f810f73d2c400d082a96e\">\n.flex_cell.av-hrajl-76e27e79fb6f810f73d2c400d082a96e{\nvertical-align:top;\nbackground:url(https:\/\/ecetarim.com\/en\/wp-content\/uploads\/2024\/06\/back2.png) 50% 50% no-repeat scroll ;\n}\n<\/style>\n<div class='flex_cell av-hrajl-76e27e79fb6f810f73d2c400d082a96e av-gridrow-cell av_one_half no_margin  avia-builder-el-3  el_before_av_cell_one_half  avia-builder-el-first  avia-full-contain'  ><div class='flex_cell_inner'><p><div  class='flex_column av-h69d9-c87f309f860b6368f7f759f1c2880f3f av_one_third  avia-builder-el-4  el_before_av_two_third  avia-builder-el-first  first flex_column_div  '     ><\/div><div  class='flex_column av-giitd-2c8a1af987f3cde0ef22db7a3fc09e2d av_two_third  avia-builder-el-5  el_after_av_one_third  avia-builder-el-last  flex_column_div av-animated-generic fade-in-left  '     ><p>\n<style type=\"text\/css\" data-created_by=\"avia_inline_auto\" id=\"style-css-av-fjq1d-e01e3dee876f4567114fa4673e8f53f5\">\n#top .hr.hr-invisible.av-fjq1d-e01e3dee876f4567114fa4673e8f53f5{\nheight:20px;\n}\n<\/style>\n<div  class='hr av-fjq1d-e01e3dee876f4567114fa4673e8f53f5 hr-invisible  avia-builder-el-6  el_before_av_heading  avia-builder-el-first '><span class='hr-inner '><span class=\"hr-inner-style\"><\/span><\/span><\/div><br \/>\n\n<style type=\"text\/css\" data-created_by=\"avia_inline_auto\" id=\"style-css-av-f9mdp-d48de0fad47321db5a3042e448fe3168\">\n#top .av-special-heading.av-f9mdp-d48de0fad47321db5a3042e448fe3168{\npadding-bottom:10px;\nfont-size:40px;\n}\nbody .av-special-heading.av-f9mdp-d48de0fad47321db5a3042e448fe3168 .av-special-heading-tag .heading-char{\nfont-size:25px;\n}\n#top #wrap_all .av-special-heading.av-f9mdp-d48de0fad47321db5a3042e448fe3168 .av-special-heading-tag{\nfont-size:40px;\n}\n.av-special-heading.av-f9mdp-d48de0fad47321db5a3042e448fe3168 .av-subheading{\nfont-size:15px;\n}\n\n@media only screen and (min-width: 480px) and (max-width: 767px){ \n#top #wrap_all .av-special-heading.av-f9mdp-d48de0fad47321db5a3042e448fe3168 .av-special-heading-tag{\nfont-size:0.8em;\n}\n}\n\n@media only screen and (max-width: 479px){ \n#top #wrap_all .av-special-heading.av-f9mdp-d48de0fad47321db5a3042e448fe3168 .av-special-heading-tag{\nfont-size:0.8em;\n}\n}\n<\/style>\n<div  class='av-special-heading av-f9mdp-d48de0fad47321db5a3042e448fe3168 av-special-heading-h3 blockquote modern-quote  avia-builder-el-7  el_after_av_hr  el_before_av_textblock  av-thin-font av-inherit-size'><h3 class='av-special-heading-tag'  itemprop=\"headline\"  ><strong>Strong Work Ethics in the Field<\/strong><br \/>\n<strong>Quality Manufacturing<\/strong><br \/>\n<strong>Wide Product Range<\/strong><\/h3><div class=\"special-heading-border\"><div class=\"special-heading-inner-border\"><\/div><\/div><\/div><br \/>\n\n<style type=\"text\/css\" data-created_by=\"avia_inline_auto\" id=\"style-css-av-emenl-f5091874b0d57e1efa013fd43ec9dc34\">\n#top .av_textblock_section.av-emenl-f5091874b0d57e1efa013fd43ec9dc34 .avia_textblock{\nfont-size:17px;\ntext-align:justify;\n}\n<\/style>\n<section  class='av_textblock_section av-emenl-f5091874b0d57e1efa013fd43ec9dc34 '   itemscope=\"itemscope\" itemtype=\"https:\/\/schema.org\/CreativeWork\" ><div class='avia_textblock'  itemprop=\"text\" ><h3>ECE TARIM A.\u015e was founded in 1984 in \u00c7ine by Ali ECE, Ahmet ECE and H\u00fcseyin ECE.<\/h3>\n<p>In the years it was founded, the company pioneered peanuts from planting to processing, making peanuts an important agricultural item in their region; With the state-of-the-art integrated peanut processing facility they established in 1989, they made the product added value and provided employment to the local people, while strengthening their place in the market with their brand reliability.<\/p>\n<\/div><\/section><\/p><\/div><\/p>\n<\/div><\/div><div class='flex_cell av-donx1-67d1fee0fa46c7099a6fa8300ccfa014 av-gridrow-cell av_one_half no_margin  avia-builder-el-9  el_after_av_cell_one_half  avia-builder-el-last '  ><div class='flex_cell_inner'><p>\n<style type=\"text\/css\" data-created_by=\"avia_inline_auto\" id=\"style-css-av-cuen5-d35c48a82bc633f316ff59c4d3b09a23\">\n.flex_column.av-cuen5-d35c48a82bc633f316ff59c4d3b09a23{\nheight:auto;\nmin-height:500px;\nbackground:url(https:\/\/ecetarim.com\/en\/wp-content\/uploads\/2024\/06\/main2.jpg) 50% 50% no-repeat scroll ;\n}\n<\/style>\n<div  class='flex_column av-cuen5-d35c48a82bc633f316ff59c4d3b09a23 av_two_third  avia-builder-el-10  el_before_av_two_fifth  avia-builder-el-first  first flex_column_div av-animated-generic fade-in-right  '     ><\/div>\n<style type=\"text\/css\" data-created_by=\"avia_inline_auto\" id=\"style-css-av-bje7d-e1a5fef29c499f9e8dd32d28710b450c\">\n#top .flex_column.av-bje7d-e1a5fef29c499f9e8dd32d28710b450c{\nmargin-top:-50px;\nmargin-bottom:0px;\n}\n.flex_column.av-bje7d-e1a5fef29c499f9e8dd32d28710b450c{\npadding:30px 30px 30px 30px;\nbackground-color:#de7900;\n}\n.responsive #top #wrap_all .flex_column.av-bje7d-e1a5fef29c499f9e8dd32d28710b450c{\nmargin-top:-50px;\nmargin-bottom:0px;\n}\n<\/style>\n<div  id=\"kutu1\"  class='flex_column av-bje7d-e1a5fef29c499f9e8dd32d28710b450c av_two_fifth  avia-builder-el-12  el_after_av_two_third  el_before_av_two_fifth  kutu1 kutu1 first flex_column_div av-animated-generic fade-in-up  column-top-margin'     ><style type=\"text\/css\" data-created_by=\"avia_inline_auto\" id=\"style-css-av-13uwx-af8e06ee72102cfd815d5c67f2a2f948\">\n#top .av-special-heading.av-13uwx-af8e06ee72102cfd815d5c67f2a2f948{\npadding-bottom:10px;\ncolor:#ffffff;\nfont-size:21px;\n}\nbody .av-special-heading.av-13uwx-af8e06ee72102cfd815d5c67f2a2f948 .av-special-heading-tag .heading-char{\nfont-size:25px;\n}\n#top #wrap_all .av-special-heading.av-13uwx-af8e06ee72102cfd815d5c67f2a2f948 .av-special-heading-tag{\nfont-size:21px;\n}\n.av-special-heading.av-13uwx-af8e06ee72102cfd815d5c67f2a2f948 .special-heading-inner-border{\nborder-color:#ffffff;\n}\n.av-special-heading.av-13uwx-af8e06ee72102cfd815d5c67f2a2f948 .av-subheading{\nfont-size:15px;\n}\n\n@media only screen and (min-width: 480px) and (max-width: 767px){ \n#top #wrap_all .av-special-heading.av-13uwx-af8e06ee72102cfd815d5c67f2a2f948 .av-special-heading-tag{\nfont-size:0.8em;\n}\n}\n\n@media only screen and (max-width: 479px){ \n#top #wrap_all .av-special-heading.av-13uwx-af8e06ee72102cfd815d5c67f2a2f948 .av-special-heading-tag{\nfont-size:0.8em;\n}\n}\n<\/style>\n<div  id=\"head1\"  class='av-special-heading av-13uwx-af8e06ee72102cfd815d5c67f2a2f948 av-special-heading-h3 custom-color-heading blockquote modern-quote  avia-builder-el-13  avia-builder-el-no-sibling  head1 av-thin-font av-inherit-size'><h3 class='av-special-heading-tag'  itemprop=\"headline\"  ><strong>40 Years of Experience and Experience<\/strong><\/h3><div class=\"special-heading-border\"><div class=\"special-heading-inner-border\"><\/div><\/div><\/div><\/div>\n<style type=\"text\/css\" data-created_by=\"avia_inline_auto\" id=\"style-css-av-an9n9-a8ccf6c4284c14a20e4a262da14beae1\">\n#top .flex_column.av-an9n9-a8ccf6c4284c14a20e4a262da14beae1{\nmargin-top:-50px;\nmargin-bottom:0px;\n}\n.flex_column.av-an9n9-a8ccf6c4284c14a20e4a262da14beae1{\npadding:30px 30px 30px 30px;\n}\n.responsive #top #wrap_all .flex_column.av-an9n9-a8ccf6c4284c14a20e4a262da14beae1{\nmargin-top:-50px;\nmargin-bottom:0px;\n}\n<\/style>\n<div  class='flex_column av-an9n9-a8ccf6c4284c14a20e4a262da14beae1 av_two_fifth  avia-builder-el-14  el_after_av_two_fifth  avia-builder-el-last  flex_column_div  column-top-margin'     ><\/div><\/p>\n<\/div><\/div><\/div><div id='av-layout-grid-2'  class='av-layout-grid-container av-9zxd9-45ce8322e5e51f36ca025271ace26888 entry-content-wrapper main_color av-flex-cells  avia-builder-el-15  el_after_av_layout_row  el_before_av_section  grid-row-not-first  container_wrap sidebar_right'  >\n\n<style type=\"text\/css\" data-created_by=\"avia_inline_auto\" id=\"style-css-av-98h3h-fe886c16ee97402bf36f0f9267b39ff9\">\n.flex_cell.av-98h3h-fe886c16ee97402bf36f0f9267b39ff9{\nvertical-align:top;\n}\n.responsive #top #wrap_all .flex_cell.av-98h3h-fe886c16ee97402bf36f0f9267b39ff9{\npadding:80px 20px 20px 20px !important;\n}\n<\/style>\n<div class='flex_cell av-98h3h-fe886c16ee97402bf36f0f9267b39ff9 av-gridrow-cell av_one_full no_margin  avia-builder-el-16  avia-builder-el-no-sibling '  ><div class='flex_cell_inner'><p>\n<style type=\"text\/css\" data-created_by=\"avia_inline_auto\" id=\"style-css-av-8w1sp-9ba2e2d3d0f3cb0dba3f0461be6aa6bc\">\n#top .av-special-heading.av-8w1sp-9ba2e2d3d0f3cb0dba3f0461be6aa6bc{\npadding-bottom:10px;\ncolor:rgba(226,226,226,0.33);\nfont-size:70px;\n}\nbody .av-special-heading.av-8w1sp-9ba2e2d3d0f3cb0dba3f0461be6aa6bc .av-special-heading-tag .heading-char{\nfont-size:25px;\n}\n#top #wrap_all .av-special-heading.av-8w1sp-9ba2e2d3d0f3cb0dba3f0461be6aa6bc .av-special-heading-tag{\nfont-size:70px;\n}\n.av-special-heading.av-8w1sp-9ba2e2d3d0f3cb0dba3f0461be6aa6bc .special-heading-inner-border{\nborder-color:rgba(226,226,226,0.33);\n}\n.av-special-heading.av-8w1sp-9ba2e2d3d0f3cb0dba3f0461be6aa6bc .av-subheading{\nfont-size:15px;\n}\n\n@media only screen and (min-width: 480px) and (max-width: 767px){ \n#top #wrap_all .av-special-heading.av-8w1sp-9ba2e2d3d0f3cb0dba3f0461be6aa6bc .av-special-heading-tag{\nfont-size:0.8em;\n}\n}\n\n@media only screen and (max-width: 479px){ \n#top #wrap_all .av-special-heading.av-8w1sp-9ba2e2d3d0f3cb0dba3f0461be6aa6bc .av-special-heading-tag{\nfont-size:0.8em;\n}\n}\n<\/style>\n<div  class='av-special-heading av-8w1sp-9ba2e2d3d0f3cb0dba3f0461be6aa6bc av-special-heading-h3 custom-color-heading blockquote modern-quote modern-centered  avia-builder-el-17  el_before_av_heading  avia-builder-el-first  av-thin-font av-inherit-size'><h3 class='av-special-heading-tag'  itemprop=\"headline\"  ><strong>PRODUCTION<\/strong><\/h3><div class=\"special-heading-border\"><div class=\"special-heading-inner-border\"><\/div><\/div><\/div><br \/>\n\n<style type=\"text\/css\" data-created_by=\"avia_inline_auto\" id=\"style-css-av-828ht-71a46c70a2fd7bd7c34b4b68d2046a59\">\n#top .av-special-heading.av-828ht-71a46c70a2fd7bd7c34b4b68d2046a59{\npadding-bottom:10px;\nfont-size:28px;\n}\nbody .av-special-heading.av-828ht-71a46c70a2fd7bd7c34b4b68d2046a59 .av-special-heading-tag .heading-char{\nfont-size:25px;\n}\n#top #wrap_all .av-special-heading.av-828ht-71a46c70a2fd7bd7c34b4b68d2046a59 .av-special-heading-tag{\nfont-size:28px;\n}\n.av-special-heading.av-828ht-71a46c70a2fd7bd7c34b4b68d2046a59 .av-subheading{\nfont-size:15px;\n}\n\n@media only screen and (min-width: 480px) and (max-width: 767px){ \n#top #wrap_all .av-special-heading.av-828ht-71a46c70a2fd7bd7c34b4b68d2046a59 .av-special-heading-tag{\nfont-size:0.8em;\n}\n}\n\n@media only screen and (max-width: 479px){ \n#top #wrap_all .av-special-heading.av-828ht-71a46c70a2fd7bd7c34b4b68d2046a59 .av-special-heading-tag{\nfont-size:0.8em;\n}\n}\n<\/style>\n<div  id=\"head2\"  class='av-special-heading av-828ht-71a46c70a2fd7bd7c34b4b68d2046a59 av-special-heading-h4 blockquote modern-quote modern-centered  avia-builder-el-18  el_after_av_heading  el_before_av_masonry_gallery  avia-builder-el-last  head2 av-inherit-size'><h4 class='av-special-heading-tag'  itemprop=\"headline\"  >While ECE TARIM A.\u015e. adopts a business model focused on growth and innovation, it draws its strength from its 40 years of experience and reliability in the sector&#8230;.<\/h4><div class=\"special-heading-border\"><div class=\"special-heading-inner-border\"><\/div><\/div><\/div><br \/>\n\n<style type=\"text\/css\" data-created_by=\"avia_inline_auto\" id=\"style-css-av-7q3rl-d7ce2e835b1f767e6d9de1a2502f8c2b\">\n#top .av-masonry.av-7q3rl-d7ce2e835b1f767e6d9de1a2502f8c2b{\nbackground-color:#ffffff;\n}\n<\/style>\n<div id='av-masonry-1' class='av-masonry av-7q3rl-d7ce2e835b1f767e6d9de1a2502f8c2b noHover av-fixed-size av-large-gap av-hover-overlay-fade_out av-masonry-animation-active av-masonry-col-flexible av-caption-always av-caption-style- av-masonry-gallery ' data-post_id=\"49\"><div class=\"av-masonry-container isotope av-js-disabled\"><div class='av-masonry-entry isotope-item av-masonry-item-no-image '><\/div><a href=\"https:\/\/ecetarim.com\/en\/wp-content\/uploads\/2024\/06\/FAB-bg-1030x483.jpg\" data-srcset=\"https:\/\/ecetarim.com\/en\/wp-content\/uploads\/2024\/06\/FAB-bg-1030x483.jpg 1030w, https:\/\/ecetarim.com\/en\/wp-content\/uploads\/2024\/06\/FAB-bg-300x141.jpg 300w, https:\/\/ecetarim.com\/en\/wp-content\/uploads\/2024\/06\/FAB-bg-768x360.jpg 768w, https:\/\/ecetarim.com\/en\/wp-content\/uploads\/2024\/06\/FAB-bg-1536x720.jpg 1536w, https:\/\/ecetarim.com\/en\/wp-content\/uploads\/2024\/06\/FAB-bg-1500x703.jpg 1500w, https:\/\/ecetarim.com\/en\/wp-content\/uploads\/2024\/06\/FAB-bg-705x330.jpg 705w, https:\/\/ecetarim.com\/en\/wp-content\/uploads\/2024\/06\/FAB-bg.jpg 1920w\" data-sizes=\"(max-width: 1030px) 100vw, 1030px\"  aria-label=\"image FAB-bg\"  id='av-masonry-1-item-158' data-av-masonry-item='158' class='av-masonry-entry isotope-item post-158 attachment type-attachment status-inherit hentry  av-masonry-item-with-image' title=\"\" alt=\"\"    itemprop=\"thumbnailUrl\" ><div class='av-inner-masonry-sizer'><\/div><figure class='av-inner-masonry main_color'><div class=\"av-masonry-outerimage-container\"><div class='av-masonry-image-container' style=\"background-image: url(https:\/\/ecetarim.com\/en\/wp-content\/uploads\/2024\/06\/FAB-bg-705x330.jpg);\"  title=\"FAB-bg\"  ><\/div><\/div><\/figure><\/a><!--end av-masonry entry--><a href=\"https:\/\/ecetarim.com\/en\/wp-content\/uploads\/2024\/06\/sayfa-bg-1030x483.jpg\" data-srcset=\"https:\/\/ecetarim.com\/en\/wp-content\/uploads\/2024\/06\/sayfa-bg-1030x483.jpg 1030w, https:\/\/ecetarim.com\/en\/wp-content\/uploads\/2024\/06\/sayfa-bg-300x141.jpg 300w, https:\/\/ecetarim.com\/en\/wp-content\/uploads\/2024\/06\/sayfa-bg-768x360.jpg 768w, https:\/\/ecetarim.com\/en\/wp-content\/uploads\/2024\/06\/sayfa-bg-1536x720.jpg 1536w, https:\/\/ecetarim.com\/en\/wp-content\/uploads\/2024\/06\/sayfa-bg-1500x703.jpg 1500w, https:\/\/ecetarim.com\/en\/wp-content\/uploads\/2024\/06\/sayfa-bg-705x330.jpg 705w, https:\/\/ecetarim.com\/en\/wp-content\/uploads\/2024\/06\/sayfa-bg.jpg 1920w\" data-sizes=\"(max-width: 1030px) 100vw, 1030px\"  aria-label=\"image sayfa-bg\"  id='av-masonry-1-item-159' data-av-masonry-item='159' class='av-masonry-entry isotope-item post-159 attachment type-attachment status-inherit hentry  av-masonry-item-with-image' title=\"\" alt=\"\"    itemprop=\"thumbnailUrl\" ><div class='av-inner-masonry-sizer'><\/div><figure class='av-inner-masonry main_color'><div class=\"av-masonry-outerimage-container\"><div class='av-masonry-image-container' style=\"background-image: url(https:\/\/ecetarim.com\/en\/wp-content\/uploads\/2024\/06\/sayfa-bg-705x330.jpg);\"  title=\"sayfa-bg\"  ><\/div><\/div><\/figure><\/a><!--end av-masonry entry--><a href=\"https:\/\/ecetarim.com\/en\/wp-content\/uploads\/2024\/06\/sld2-1030x483.jpg\" data-srcset=\"https:\/\/ecetarim.com\/en\/wp-content\/uploads\/2024\/06\/sld2-1030x483.jpg 1030w, https:\/\/ecetarim.com\/en\/wp-content\/uploads\/2024\/06\/sld2-300x141.jpg 300w, https:\/\/ecetarim.com\/en\/wp-content\/uploads\/2024\/06\/sld2-768x360.jpg 768w, https:\/\/ecetarim.com\/en\/wp-content\/uploads\/2024\/06\/sld2-1536x720.jpg 1536w, https:\/\/ecetarim.com\/en\/wp-content\/uploads\/2024\/06\/sld2-1500x703.jpg 1500w, https:\/\/ecetarim.com\/en\/wp-content\/uploads\/2024\/06\/sld2-705x330.jpg 705w, https:\/\/ecetarim.com\/en\/wp-content\/uploads\/2024\/06\/sld2.jpg 1920w\" data-sizes=\"(max-width: 1030px) 100vw, 1030px\"  aria-label=\"image Sunset field\"  id='av-masonry-1-item-160' data-av-masonry-item='160' class='av-masonry-entry isotope-item post-160 attachment type-attachment status-inherit hentry  av-masonry-item-with-image' title=\"\" alt=\"\"    itemprop=\"thumbnailUrl\" ><div class='av-inner-masonry-sizer'><\/div><figure class='av-inner-masonry main_color'><div class=\"av-masonry-outerimage-container\"><div class='av-masonry-image-container' style=\"background-image: url(https:\/\/ecetarim.com\/en\/wp-content\/uploads\/2024\/06\/sld2-705x330.jpg);\"  title=\"Sunset field\"  ><\/div><\/div><\/figure><\/a><!--end av-masonry entry--><a href=\"https:\/\/ecetarim.com\/en\/wp-content\/uploads\/2024\/06\/sld3-1030x483.jpg\" data-srcset=\"https:\/\/ecetarim.com\/en\/wp-content\/uploads\/2024\/06\/sld3-1030x483.jpg 1030w, https:\/\/ecetarim.com\/en\/wp-content\/uploads\/2024\/06\/sld3-300x141.jpg 300w, https:\/\/ecetarim.com\/en\/wp-content\/uploads\/2024\/06\/sld3-768x360.jpg 768w, https:\/\/ecetarim.com\/en\/wp-content\/uploads\/2024\/06\/sld3-1536x720.jpg 1536w, https:\/\/ecetarim.com\/en\/wp-content\/uploads\/2024\/06\/sld3-1500x703.jpg 1500w, https:\/\/ecetarim.com\/en\/wp-content\/uploads\/2024\/06\/sld3-705x330.jpg 705w, https:\/\/ecetarim.com\/en\/wp-content\/uploads\/2024\/06\/sld3.jpg 1920w\" data-sizes=\"(max-width: 1030px) 100vw, 1030px\"  aria-label=\"image Sunset field\"  id='av-masonry-1-item-161' data-av-masonry-item='161' class='av-masonry-entry isotope-item post-161 attachment type-attachment status-inherit hentry  av-masonry-item-with-image' title=\"\" alt=\"\"    itemprop=\"thumbnailUrl\" ><div class='av-inner-masonry-sizer'><\/div><figure class='av-inner-masonry main_color'><div class=\"av-masonry-outerimage-container\"><div class='av-masonry-image-container' style=\"background-image: url(https:\/\/ecetarim.com\/en\/wp-content\/uploads\/2024\/06\/sld3-705x330.jpg);\"  title=\"Sunset field\"  ><\/div><\/div><\/figure><\/a><!--end av-masonry entry--><a href=\"https:\/\/ecetarim.com\/en\/wp-content\/uploads\/2024\/06\/sld4-1030x483.jpg\" data-srcset=\"https:\/\/ecetarim.com\/en\/wp-content\/uploads\/2024\/06\/sld4-1030x483.jpg 1030w, https:\/\/ecetarim.com\/en\/wp-content\/uploads\/2024\/06\/sld4-300x141.jpg 300w, https:\/\/ecetarim.com\/en\/wp-content\/uploads\/2024\/06\/sld4-768x360.jpg 768w, https:\/\/ecetarim.com\/en\/wp-content\/uploads\/2024\/06\/sld4-1536x720.jpg 1536w, https:\/\/ecetarim.com\/en\/wp-content\/uploads\/2024\/06\/sld4-1500x703.jpg 1500w, https:\/\/ecetarim.com\/en\/wp-content\/uploads\/2024\/06\/sld4-705x330.jpg 705w, https:\/\/ecetarim.com\/en\/wp-content\/uploads\/2024\/06\/sld4.jpg 1920w\" data-sizes=\"(max-width: 1030px) 100vw, 1030px\"  aria-label=\"image Sunset field\"  id='av-masonry-1-item-162' data-av-masonry-item='162' class='av-masonry-entry isotope-item post-162 attachment type-attachment status-inherit hentry  av-masonry-item-with-image' title=\"\" alt=\"\"    itemprop=\"thumbnailUrl\" ><div class='av-inner-masonry-sizer'><\/div><figure class='av-inner-masonry main_color'><div class=\"av-masonry-outerimage-container\"><div class='av-masonry-image-container' style=\"background-image: url(https:\/\/ecetarim.com\/en\/wp-content\/uploads\/2024\/06\/sld4-705x330.jpg);\"  title=\"Sunset field\"  ><\/div><\/div><\/figure><\/a><!--end av-masonry entry--><a href=\"https:\/\/ecetarim.com\/en\/wp-content\/uploads\/2024\/06\/sld5-1030x483.jpg\" data-srcset=\"https:\/\/ecetarim.com\/en\/wp-content\/uploads\/2024\/06\/sld5-1030x483.jpg 1030w, https:\/\/ecetarim.com\/en\/wp-content\/uploads\/2024\/06\/sld5-300x141.jpg 300w, https:\/\/ecetarim.com\/en\/wp-content\/uploads\/2024\/06\/sld5-768x360.jpg 768w, https:\/\/ecetarim.com\/en\/wp-content\/uploads\/2024\/06\/sld5-1536x720.jpg 1536w, https:\/\/ecetarim.com\/en\/wp-content\/uploads\/2024\/06\/sld5-1500x703.jpg 1500w, https:\/\/ecetarim.com\/en\/wp-content\/uploads\/2024\/06\/sld5-705x330.jpg 705w, https:\/\/ecetarim.com\/en\/wp-content\/uploads\/2024\/06\/sld5.jpg 1920w\" data-sizes=\"(max-width: 1030px) 100vw, 1030px\"  aria-label=\"image Sunset field\"  id='av-masonry-1-item-163' data-av-masonry-item='163' class='av-masonry-entry isotope-item post-163 attachment type-attachment status-inherit hentry  av-masonry-item-with-image' title=\"\" alt=\"\"    itemprop=\"thumbnailUrl\" ><div class='av-inner-masonry-sizer'><\/div><figure class='av-inner-masonry main_color'><div class=\"av-masonry-outerimage-container\"><div class='av-masonry-image-container' style=\"background-image: url(https:\/\/ecetarim.com\/en\/wp-content\/uploads\/2024\/06\/sld5-705x330.jpg);\"  title=\"Sunset field\"  ><\/div><\/div><\/figure><\/a><!--end av-masonry entry--><\/div><\/div><\/p>\n<\/div><\/div>\n<\/div><\/p>\n<div id='av_section_2'  class='avia-section av-ynex-2f4c8344d3f238f16e82d6a86629f45e main_color avia-section-default avia-no-border-styling  avia-builder-el-20  el_after_av_layout_row  avia-builder-el-last  avia-bg-style-scroll container_wrap sidebar_right'  ><div class='container av-section-cont-open' ><div class='template-page content  av-content-small alpha units'><div class='post-entry post-entry-type-page post-entry-49'><div class='entry-content-wrapper clearfix'><\/div><\/div><\/div><!-- close content main div --><\/div><\/div><div id='after_section_2'  class='main_color av_default_container_wrap container_wrap sidebar_right'  ><div class='container av-section-cont-open' ><div class='template-page content  av-content-small alpha units'><div class='post-entry post-entry-type-page post-entry-49'><div class='entry-content-wrapper clearfix'>\n","protected":false},"excerpt":{"rendered":"","protected":false},"author":1,"featured_media":0,"parent":0,"menu_order":0,"comment_status":"closed","ping_status":"closed","template":"","meta":{"footnotes":""},"class_list":["post-49","page","type-page","status-publish","hentry"],"_links":{"self":[{"href":"https:\/\/ecetarim.com\/en\/wp-json\/wp\/v2\/pages\/49","targetHints":{"allow":["GET"]}}],"collection":[{"href":"https:\/\/ecetarim.com\/en\/wp-json\/wp\/v2\/pages"}],"about":[{"href":"https:\/\/ecetarim.com\/en\/wp-json\/wp\/v2\/types\/page"}],"author":[{"embeddable":true,"href":"https:\/\/ecetarim.com\/en\/wp-json\/wp\/v2\/users\/1"}],"replies":[{"embeddable":true,"href":"https:\/\/ecetarim.com\/en\/wp-json\/wp\/v2\/comments?post=49"}],"version-history":[{"count":11,"href":"https:\/\/ecetarim.com\/en\/wp-json\/wp\/v2\/pages\/49\/revisions"}],"predecessor-version":[{"id":428,"href":"https:\/\/ecetarim.com\/en\/wp-json\/wp\/v2\/pages\/49\/revisions\/428"}],"wp:attachment":[{"href":"https:\/\/ecetarim.com\/en\/wp-json\/wp\/v2\/media?parent=49"}],"curies":[{"name":"wp","href":"https:\/\/api.w.org\/{rel}","templated":true}]}}