{"id":53,"date":"2024-06-11T17:03:55","date_gmt":"2024-06-11T14:03:55","guid":{"rendered":"https:\/\/ecetarim.com\/en\/?page_id=53"},"modified":"2024-06-28T16:02:23","modified_gmt":"2024-06-28T13:02:23","slug":"contact","status":"publish","type":"page","link":"https:\/\/ecetarim.com\/en\/contact\/","title":{"rendered":"Contact"},"content":{"rendered":"\n<style type=\"text\/css\" data-created_by=\"avia_inline_auto\" id=\"style-css-av-2ymb9-3ae43c95391d200cafe7c8a52e1b31b3\">\n.avia-section.av-2ymb9-3ae43c95391d200cafe7c8a52e1b31b3{\nbackground-repeat:no-repeat;\nbackground-image:url(https:\/\/ecetarim.com\/en\/wp-content\/uploads\/2024\/06\/sayfa-bgff.jpg);\nbackground-position:0% 100%;\nbackground-attachment:scroll;\n}\n<\/style>\n<div id='av_section_1'  class='avia-section av-2ymb9-3ae43c95391d200cafe7c8a52e1b31b3 main_color avia-section-default avia-no-border-styling  avia-builder-el-0  el_before_av_section  avia-builder-el-first  avia-full-stretch avia-bg-style-scroll av-minimum-height av-minimum-height-custom av-height-custom  container_wrap sidebar_right'  data-section-bg-repeat='stretch' data-av_minimum_height_px='150'><div class='container av-section-cont-open' style='height:150px'><main  role=\"main\" itemprop=\"mainContentOfPage\"  class='template-page content  av-content-small alpha units'><div class='post-entry post-entry-type-page post-entry-53'><div class='entry-content-wrapper clearfix'>\n\n<style type=\"text\/css\" data-created_by=\"avia_inline_auto\" id=\"style-css-av-lxbp72n4-f9ddf2bf393a527825e420771b06017e\">\n#top .av-special-heading.av-lxbp72n4-f9ddf2bf393a527825e420771b06017e{\npadding-bottom:10px;\ncolor:#ffffff;\nfont-size:36px;\n}\nbody .av-special-heading.av-lxbp72n4-f9ddf2bf393a527825e420771b06017e .av-special-heading-tag .heading-char{\nfont-size:25px;\n}\n#top #wrap_all .av-special-heading.av-lxbp72n4-f9ddf2bf393a527825e420771b06017e .av-special-heading-tag{\nfont-size:36px;\n}\n.av-special-heading.av-lxbp72n4-f9ddf2bf393a527825e420771b06017e .special-heading-inner-border{\nborder-color:#ffffff;\n}\n.av-special-heading.av-lxbp72n4-f9ddf2bf393a527825e420771b06017e .av-subheading{\nfont-size:15px;\n}\n\n@media only screen and (min-width: 480px) and (max-width: 767px){ \n#top #wrap_all .av-special-heading.av-lxbp72n4-f9ddf2bf393a527825e420771b06017e .av-special-heading-tag{\nfont-size:0.8em;\n}\n}\n\n@media only screen and (max-width: 479px){ \n#top #wrap_all .av-special-heading.av-lxbp72n4-f9ddf2bf393a527825e420771b06017e .av-special-heading-tag{\nfont-size:0.8em;\n}\n}\n<\/style>\n<div  class='av-special-heading av-lxbp72n4-f9ddf2bf393a527825e420771b06017e av-special-heading-h3 custom-color-heading blockquote modern-quote  avia-builder-el-1  avia-builder-el-no-sibling  av-thin-font av-inherit-size'><h3 class='av-special-heading-tag'  itemprop=\"headline\"  ><strong>CONTACT<\/strong><\/h3><div class=\"special-heading-border\"><div class=\"special-heading-inner-border\"><\/div><\/div><\/div>\n<\/div><\/div><\/main><!-- close content main element --><\/div><\/div><div id='av_section_2'  class='avia-section av-209td-8bf9ef7647778e1ff82ef3b1428d24bb main_color avia-section-default avia-no-border-styling  avia-builder-el-2  el_after_av_section  el_before_av_section  avia-bg-style-scroll container_wrap sidebar_right'  ><div class='container av-section-cont-open' ><div class='template-page content  av-content-small alpha units'><div class='post-entry post-entry-type-page post-entry-53'><div class='entry-content-wrapper clearfix'>\n<div class='flex_column_table av-lxbp8rpg-48a952cc1622b88f434bfd30c20e929c sc-av_one_fifth av-equal-height-column-flextable'><div  class='flex_column av-lxbp8rpg-48a952cc1622b88f434bfd30c20e929c av_one_fifth  avia-builder-el-3  el_before_av_two_fifth  avia-builder-el-first  first no_margin flex_column_table_cell av-equal-height-column av-align-top  '     ><\/div>\n<style type=\"text\/css\" data-created_by=\"avia_inline_auto\" id=\"style-css-av-lxbpbj9l-71cace467b60ff9e884b7dc8dca58e21\">\n.flex_column.av-lxbpbj9l-71cace467b60ff9e884b7dc8dca58e21{\npadding:30px 30px 30px 30px;\nbackground-color:#ffffff;\n}\n<\/style>\n<div  id=\"kutu3\"  class='flex_column av-lxbpbj9l-71cace467b60ff9e884b7dc8dca58e21 av_two_fifth  avia-builder-el-4  el_after_av_one_fifth  el_before_av_one_fifth  kutu3 kutu3 no_margin flex_column_table_cell av-equal-height-column av-align-top av-animated-generic fade-in-left  '     ><form action=\"https:\/\/ecetarim.com\/en\/contact\/\" method=\"post\" data-fields-with-error=\"Found errors in the following field(s):\" class=\"avia_ajax_form av-form-labels-hidden   avia-builder-el-5  avia-builder-el-no-sibling   \" data-avia-form-id=\"1\" data-avia-redirect='' ><h3 class=''>Contact us<\/h3><fieldset><p class='  first_form  form_element form_element_half' id='element_avia_1_1'><label for=\"avia_1_1\">Name surname <abbr class=\"required\" title=\"Zorunlu\">*<\/abbr><\/label> <input name=\"avia_1_1\" class=\"text_input is_empty\" type=\"text\" id=\"avia_1_1\" value=\"\"  placeholder='Name surname*'\/><\/p><p class='  form_element form_element_half' id='element_avia_2_1'><label for=\"avia_2_1\">E-Mail<\/label> <input name=\"avia_2_1\" class=\"text_input \" type=\"text\" id=\"avia_2_1\" value=\"\"  placeholder='E-Mail'\/><\/p><p class='  first_form  form_element form_fullwidth' id='element_avia_3_1'><label for=\"avia_3_1\">Phone <abbr class=\"required\" title=\"Zorunlu\">*<\/abbr><\/label> <input name=\"avia_3_1\" class=\"text_input is_empty\" type=\"text\" id=\"avia_3_1\" value=\"\"  placeholder='Phone*'\/><\/p><p class='  first_form  form_element form_fullwidth' id='element_avia_4_1'><label for=\"avia_4_1\" class=\"textare_label hidden textare_label_avia_4_1\">Message <abbr class=\"required\" title=\"Zorunlu\">*<\/abbr><\/label><textarea  placeholder='Message*' name=\"avia_4_1\" class=\"text_area is_empty\" cols=\"40\" rows=\"7\" id=\"avia_4_1\" ><\/textarea><\/p><p class=\"hidden\"><input type=\"text\" name=\"avia_5_1\" class=\"hidden \" id=\"avia_5_1\" value=\"\" \/><\/p><div id='avia_6_1' class='av-recaptcha-area  first_form  form_element form_fullwidth '  data-container_class=\"\" data-custom_class=\"\" data-context=\"av_contact_form\" data-token_input=\"av_recaptcha_token\" data-version=\"avia_recaptcha_v2\" data-theme=\"light\" data-size=\"normal\" data-score=\"0.5\" data-text_to_preview=\"\" data-value=\"\"><div class=\"av-google-badge-message hidden\">This site is protected by reCAPTCHA and the Google <a href=\"https:\/\/policies.google.com\/privacy\">Privacy Policy<\/a> and <a href=\"https:\/\/policies.google.com\/terms\">Terms of Service<\/a> apply.<\/div><\/div><p class=\"form_element \"><input type=\"hidden\" value=\"1\" name=\"avia_generated_form1\" \/><input type=\"submit\" value=\"Send\" class=\"button\"  data-sending-label=\"G\u00f6nderiliyor\"\/><\/p><\/fieldset><div class=\"avia-disabled-form\">This contact form is deactivated because you refused to accept Google reCaptcha service which is necessary to validate any messages sent by the form.<\/div><\/form><div id=\"ajaxresponse_1\" class=\"ajaxresponse ajaxresponse_1 hidden\"><\/div><\/div>\n<style type=\"text\/css\" data-created_by=\"avia_inline_auto\" id=\"style-css-av-lxbp9c4l-4b85d3e30ab9cd5f9bdaae3136f4a5fc\">\n.flex_column.av-lxbp9c4l-4b85d3e30ab9cd5f9bdaae3136f4a5fc{\npadding:15px 15px 15px 15px;\nbackground:url(https:\/\/ecetarim.com\/en\/wp-content\/uploads\/2024\/06\/phone-contact-80x80.png) 100% 100% no-repeat scroll #000000;\n}\n<\/style>\n<div  class='flex_column av-lxbp9c4l-4b85d3e30ab9cd5f9bdaae3136f4a5fc av_one_fifth  avia-builder-el-6  el_after_av_two_fifth  el_before_av_one_fifth  no_margin flex_column_table_cell av-equal-height-column av-align-top av-animated-generic fade-in-right  '     ><p>\n<style type=\"text\/css\" data-created_by=\"avia_inline_auto\" id=\"style-css-av-lxbpzr7f-47d5232bc50d65ce82ba92e92a79eaf1\">\n#top .hr.hr-invisible.av-lxbpzr7f-47d5232bc50d65ce82ba92e92a79eaf1{\nheight:5px;\n}\n<\/style>\n<div  class='hr av-lxbpzr7f-47d5232bc50d65ce82ba92e92a79eaf1 hr-invisible  avia-builder-el-7  el_before_av_heading  avia-builder-el-first '><span class='hr-inner '><span class=\"hr-inner-style\"><\/span><\/span><\/div><br \/>\n\n<style type=\"text\/css\" data-created_by=\"avia_inline_auto\" id=\"style-css-av-lxbpceo3-b199656a64b77c894a71aa37845e4861\">\n#top .av-special-heading.av-lxbpceo3-b199656a64b77c894a71aa37845e4861{\npadding-bottom:10px;\ncolor:#ffffff;\nfont-size:20px;\n}\nbody .av-special-heading.av-lxbpceo3-b199656a64b77c894a71aa37845e4861 .av-special-heading-tag .heading-char{\nfont-size:25px;\n}\n#top #wrap_all .av-special-heading.av-lxbpceo3-b199656a64b77c894a71aa37845e4861 .av-special-heading-tag{\nfont-size:20px;\n}\n.av-special-heading.av-lxbpceo3-b199656a64b77c894a71aa37845e4861 .special-heading-inner-border{\nborder-color:#ffffff;\n}\n.av-special-heading.av-lxbpceo3-b199656a64b77c894a71aa37845e4861 .av-subheading{\nfont-size:15px;\n}\n\n@media only screen and (min-width: 480px) and (max-width: 767px){ \n#top #wrap_all .av-special-heading.av-lxbpceo3-b199656a64b77c894a71aa37845e4861 .av-special-heading-tag{\nfont-size:0.8em;\n}\n}\n\n@media only screen and (max-width: 479px){ \n#top #wrap_all .av-special-heading.av-lxbpceo3-b199656a64b77c894a71aa37845e4861 .av-special-heading-tag{\nfont-size:0.8em;\n}\n}\n<\/style>\n<div  class='av-special-heading av-lxbpceo3-b199656a64b77c894a71aa37845e4861 av-special-heading-h3 custom-color-heading blockquote modern-quote  avia-builder-el-8  el_after_av_hr  el_before_av_iconlist  av-thin-font av-inherit-size'><h3 class='av-special-heading-tag'  itemprop=\"headline\"  ><strong>CONTACT INFORMATION<\/strong> <\/h3><div class=\"special-heading-border\"><div class=\"special-heading-inner-border\"><\/div><\/div><\/div><br \/>\n\n<style type=\"text\/css\" data-created_by=\"avia_inline_auto\" id=\"style-css-av-lxbpdptr-8aa0c9e6e160e81ba97b655ea50d7a58\">\n#top .avia-icon-list-container.av-lxbpdptr-8aa0c9e6e160e81ba97b655ea50d7a58 .iconlist_icon{\ncolor:#ffffff;\nfont-size:18px;\n}\n#top #wrap_all .avia-icon-list-container.av-lxbpdptr-8aa0c9e6e160e81ba97b655ea50d7a58 .av_iconlist_title{\nfont-size:18px;\ncolor:#ffffff;\n}\n<\/style>\n<div  class='avia-icon-list-container av-lxbpdptr-8aa0c9e6e160e81ba97b655ea50d7a58  avia-builder-el-9  el_after_av_heading  avia-builder-el-last '><ul class='avia-icon-list avia_animate_when_almost_visible avia-icon-list-left av-iconlist-small av-lxbpdptr-8aa0c9e6e160e81ba97b655ea50d7a58 avia-iconlist-animate'>\n<li><div class='iconlist_icon av-lxbpcnwm-06becdbf39a9085ba85561c02c8aecfa avia-font-entypo-fontello'><span class='iconlist-char' aria-hidden='true' data-av_icon='\ue854' data-av_iconfont='entypo-fontello'><\/span><\/div><article class=\"article-icon-entry av-iconlist-empty\"  itemscope=\"itemscope\" itemtype=\"https:\/\/schema.org\/CreativeWork\" ><div class=\"iconlist_content_wrap\"><header class=\"entry-content-header\"><div class='av_iconlist_title iconlist_title_small  av_inherit_color'  itemprop=\"headline\" >+90 (256) 711 66 94<\/div><\/header><div class='iconlist_content '  itemprop=\"text\" ><\/div><\/div><footer class=\"entry-footer\"><\/footer><\/article><div class=\"iconlist-timeline\"><\/div><\/li>\n<li><div class='iconlist_icon av-lxbpcz5z-1fad15b73d19830001aaed7189e86107 avia-font-entypo-fontello'><span class='iconlist-char' aria-hidden='true' data-av_icon='\ue805' data-av_iconfont='entypo-fontello'><\/span><\/div><article class=\"article-icon-entry av-iconlist-empty\"  itemscope=\"itemscope\" itemtype=\"https:\/\/schema.org\/CreativeWork\" ><div class=\"iconlist_content_wrap\"><header class=\"entry-content-header\"><div class='av_iconlist_title iconlist_title_small  av_inherit_color'  itemprop=\"headline\" >info@ecetarim.com<\/div><\/header><div class='iconlist_content '  itemprop=\"text\" ><\/div><\/div><footer class=\"entry-footer\"><\/footer><\/article><div class=\"iconlist-timeline\"><\/div><\/li>\n<\/ul><\/div><\/p><\/div><div  class='flex_column av-14w9h-29200f269928f13ccd055edb44960cf6 av_one_fifth  avia-builder-el-10  el_after_av_one_fifth  avia-builder-el-last  no_margin flex_column_table_cell av-equal-height-column av-align-top  '     ><\/div><\/div><!--close column table wrapper. Autoclose: 1 --><\/div><\/div><\/div><!-- close content main div --><\/div><\/div><div id='av_section_3'  class='avia-section av-2bvn1-c2e9e3f96b6e548fafe951ead9e4e72c main_color avia-section-default avia-no-border-styling  avia-builder-el-11  el_after_av_section  el_before_av_section  avia-bg-style-scroll container_wrap sidebar_right'  ><div class='container av-section-cont-open' ><div class='template-page content  av-content-small alpha units'><div class='post-entry post-entry-type-page post-entry-53'><div class='entry-content-wrapper clearfix'>\n<div  class='flex_column av-1i2n9-5787aa64b5d50941756a75e958d5f1b0 av_one_half  avia-builder-el-12  el_before_av_one_half  avia-builder-el-first  first flex_column_div av-animated-generic fade-in-left  '     ><p>\n<style type=\"text\/css\" data-created_by=\"avia_inline_auto\" id=\"style-css-av-lxbq396q-0e82146bc5a22ce5f82de3c664f8241f\">\n#top .av-special-heading.av-lxbq396q-0e82146bc5a22ce5f82de3c664f8241f{\npadding-bottom:10px;\ncolor:#000000;\nfont-size:20px;\n}\nbody .av-special-heading.av-lxbq396q-0e82146bc5a22ce5f82de3c664f8241f .av-special-heading-tag .heading-char{\nfont-size:25px;\n}\n#top #wrap_all .av-special-heading.av-lxbq396q-0e82146bc5a22ce5f82de3c664f8241f .av-special-heading-tag{\nfont-size:20px;\n}\n.av-special-heading.av-lxbq396q-0e82146bc5a22ce5f82de3c664f8241f .special-heading-inner-border{\nborder-color:#000000;\n}\n.av-special-heading.av-lxbq396q-0e82146bc5a22ce5f82de3c664f8241f .av-subheading{\nfont-size:16px;\ncolor:#000000;\n}\n\n@media only screen and (min-width: 480px) and (max-width: 767px){ \n#top #wrap_all .av-special-heading.av-lxbq396q-0e82146bc5a22ce5f82de3c664f8241f .av-special-heading-tag{\nfont-size:0.8em;\n}\n}\n\n@media only screen and (max-width: 479px){ \n#top #wrap_all .av-special-heading.av-lxbq396q-0e82146bc5a22ce5f82de3c664f8241f .av-special-heading-tag{\nfont-size:0.8em;\n}\n}\n<\/style>\n<div  class='av-special-heading av-lxbq396q-0e82146bc5a22ce5f82de3c664f8241f av-special-heading-h3 custom-color-heading blockquote modern-quote  avia-builder-el-13  el_before_av_textblock  avia-builder-el-first  av-thin-font av-inherit-size'><h3 class='av-special-heading-tag'  itemprop=\"headline\"  ><strong>Main Factory:<\/strong> <\/h3><div class='av_custom_color av-subheading av-subheading_below'><p>Sar\u0131o\u011flu Neighborhood\u00a0State Highway Side Number: 220\/2 \u00c7ine \/ AYDIN<\/p>\n<\/div><div class=\"special-heading-border\"><div class=\"special-heading-inner-border\"><\/div><\/div><\/div><br \/>\n<section  class='av_textblock_section av-lxbq2n8u-26fa4767a2a77f5ce6ae88e555674a8d '   itemscope=\"itemscope\" itemtype=\"https:\/\/schema.org\/CreativeWork\" ><div class='avia_textblock'  itemprop=\"text\" ><p><iframe loading=\"lazy\" style=\"border: 0;\" src=\"https:\/\/www.google.com\/maps\/embed?pb=!1m18!1m12!1m3!1d3161.132185274462!2d28.056796176431416!3d37.59904792226223!2m3!1f0!2f0!3f0!3m2!1i1024!2i768!4f13.1!3m3!1m2!1s0x14bf259caaaca17f%3A0xf0ebad2aa1db78ed!2zRUNFIFRBUklNIMOcUsOcTkxFUsSwIEFOQSBGQUJSxLBLQQ!5e0!3m2!1str!2str!4v1718190168281!5m2!1str!2str\" width=\"600\" height=\"600\" allowfullscreen=\"allowfullscreen\"><\/iframe><\/p>\n<\/div><\/section><\/p><\/div><div  class='flex_column av-ufsp-b35e7319e00478ccea406699a28aea0d av_one_half  avia-builder-el-15  el_after_av_one_half  avia-builder-el-last  flex_column_div av-animated-generic fade-in-right  '     ><p>\n<style type=\"text\/css\" data-created_by=\"avia_inline_auto\" id=\"style-css-av-lxbq9kp9-635bf2ad1ea4c0182f7098eb4eb2cc37\">\n#top .av-special-heading.av-lxbq9kp9-635bf2ad1ea4c0182f7098eb4eb2cc37{\npadding-bottom:10px;\ncolor:#000000;\nfont-size:20px;\n}\nbody .av-special-heading.av-lxbq9kp9-635bf2ad1ea4c0182f7098eb4eb2cc37 .av-special-heading-tag .heading-char{\nfont-size:25px;\n}\n#top #wrap_all .av-special-heading.av-lxbq9kp9-635bf2ad1ea4c0182f7098eb4eb2cc37 .av-special-heading-tag{\nfont-size:20px;\n}\n.av-special-heading.av-lxbq9kp9-635bf2ad1ea4c0182f7098eb4eb2cc37 .special-heading-inner-border{\nborder-color:#000000;\n}\n.av-special-heading.av-lxbq9kp9-635bf2ad1ea4c0182f7098eb4eb2cc37 .av-subheading{\nfont-size:16px;\ncolor:#000000;\n}\n\n@media only screen and (min-width: 480px) and (max-width: 767px){ \n#top #wrap_all .av-special-heading.av-lxbq9kp9-635bf2ad1ea4c0182f7098eb4eb2cc37 .av-special-heading-tag{\nfont-size:0.8em;\n}\n}\n\n@media only screen and (max-width: 479px){ \n#top #wrap_all .av-special-heading.av-lxbq9kp9-635bf2ad1ea4c0182f7098eb4eb2cc37 .av-special-heading-tag{\nfont-size:0.8em;\n}\n}\n<\/style>\n<div  class='av-special-heading av-lxbq9kp9-635bf2ad1ea4c0182f7098eb4eb2cc37 av-special-heading-h3 custom-color-heading blockquote modern-quote  avia-builder-el-16  el_before_av_textblock  avia-builder-el-first  av-thin-font av-inherit-size'><h3 class='av-special-heading-tag'  itemprop=\"headline\"  ><strong>Organized Industrial Factory:<\/strong> <\/h3><div class='av_custom_color av-subheading av-subheading_below'><p>G\u00f6kyaka Neighborhood \u00c7ine Organized industrial Zone 6. Street Number:5 \u00c7ine\/AYDIN<\/p>\n<\/div><div class=\"special-heading-border\"><div class=\"special-heading-inner-border\"><\/div><\/div><\/div><br \/>\n<section  class='av_textblock_section av-lxbqaddo-17a6e107a5521423d6cbe3db2a047106 '   itemscope=\"itemscope\" itemtype=\"https:\/\/schema.org\/CreativeWork\" ><div class='avia_textblock'  itemprop=\"text\" ><p><iframe loading=\"lazy\" style=\"border: 0;\" src=\"https:\/\/www.google.com\/maps\/embed?pb=!1m18!1m12!1m3!1d3159.2877119197738!2d27.968508476432948!3d37.64243941977129!2m3!1f0!2f0!3f0!3m2!1i1024!2i768!4f13.1!3m3!1m2!1s0x14bf293e62a72361%3A0x2bac845440dcb7ef!2zRUNFIFRBUklNIMOcUsOcTkxFUsSwIE9SR0FOxLBaRSBTQU5BWcSwIMWeVUJF!5e0!3m2!1str!2str!4v1718190527562!5m2!1str!2str\" width=\"600\" height=\"600\" allowfullscreen=\"allowfullscreen\"><\/iframe><\/p>\n<\/div><\/section><\/p><\/div><\/div><\/div><\/div><!-- close content main div --><\/div><\/div><div id='av_section_4'  class='avia-section av-x89d-213372134524dd1457df39110d06a651 main_color avia-section-default avia-no-border-styling  avia-builder-el-18  el_after_av_section  avia-builder-el-last  avia-bg-style-scroll container_wrap sidebar_right'  ><div class='container av-section-cont-open' ><div class='template-page content  av-content-small alpha units'><div class='post-entry post-entry-type-page post-entry-53'><div class='entry-content-wrapper clearfix'><\/div><\/div><\/div><!-- close content main div --><\/div><\/div><div id='after_section_4'  class='main_color av_default_container_wrap container_wrap sidebar_right'  ><div class='container av-section-cont-open' ><div class='template-page content  av-content-small alpha units'><div class='post-entry post-entry-type-page post-entry-53'><div class='entry-content-wrapper clearfix'><\/p>\n","protected":false},"excerpt":{"rendered":"","protected":false},"author":1,"featured_media":0,"parent":0,"menu_order":0,"comment_status":"closed","ping_status":"closed","template":"","meta":{"footnotes":""},"class_list":["post-53","page","type-page","status-publish","hentry"],"_links":{"self":[{"href":"https:\/\/ecetarim.com\/en\/wp-json\/wp\/v2\/pages\/53","targetHints":{"allow":["GET"]}}],"collection":[{"href":"https:\/\/ecetarim.com\/en\/wp-json\/wp\/v2\/pages"}],"about":[{"href":"https:\/\/ecetarim.com\/en\/wp-json\/wp\/v2\/types\/page"}],"author":[{"embeddable":true,"href":"https:\/\/ecetarim.com\/en\/wp-json\/wp\/v2\/users\/1"}],"replies":[{"embeddable":true,"href":"https:\/\/ecetarim.com\/en\/wp-json\/wp\/v2\/comments?post=53"}],"version-history":[{"count":20,"href":"https:\/\/ecetarim.com\/en\/wp-json\/wp\/v2\/pages\/53\/revisions"}],"predecessor-version":[{"id":426,"href":"https:\/\/ecetarim.com\/en\/wp-json\/wp\/v2\/pages\/53\/revisions\/426"}],"wp:attachment":[{"href":"https:\/\/ecetarim.com\/en\/wp-json\/wp\/v2\/media?parent=53"}],"curies":[{"name":"wp","href":"https:\/\/api.w.org\/{rel}","templated":true}]}}